{"id":1154,"date":"2020-01-15T19:50:12","date_gmt":"2020-01-15T19:50:12","guid":{"rendered":"https:\/\/pau.informagedevelop.com\/politica-de-cookies\/"},"modified":"2020-03-30T11:23:14","modified_gmt":"2020-03-30T11:23:14","slug":"politica-de-cookies","status":"publish","type":"page","link":"https:\/\/pau.informagedevelop.com\/ca\/politica-de-cookies\/","title":{"rendered":"Pol\u00edtica de cookies"},"content":{"rendered":"\n<h1 class=\"header-legal\">Pol\u00edtica de cookies<\/h1>\n\n\n\n<p>\n<strong>Qu\u00e8\ns\u00f3n les cookies?<\/strong><\/p>\n\n\n\n<p>\nLes\ncookies s\u00f3n un conjunt de dades que un servidor diposita en el\nnavegador de l&#8217;usuari per a recollir la informaci\u00f3 de registre\nest\u00e0ndard d&#8217;Internet i la informaci\u00f3 del comportament dels\nvisitants en un lloc web. \u00c9s a dir, es tracta de petits arxius de\ntext que queden emmagatzemats en el disc dur de l&#8217;ordinador i que\nserveixen per a identificar a l&#8217;usuari quan es connecta novament al\nlloc web. El seu objectiu \u00e9s registrar la visita de l&#8217;usuari i\nguardar certa informaci\u00f3. El seu \u00fas \u00e9s com\u00fa i freq\u00fcent en la web\nja que permet a les p\u00e0gines funcionar de manera m\u00e9s eficient i\naconseguir una major personalitzaci\u00f3 i an\u00e0lisi sobre el\ncomportament de l&#8217;usuari.<\/p>\n\n\n\n<p>\n<strong>Qui\n\u00e9s responsable?<\/strong><\/p>\n\n\n\n<p>\nPAU\nGASOL ENTERPRISES LLC (la \u201cCompanyia\u201d o \u201cnosaltres\u201d) tracta\nles dades personals que es recullen a trav\u00e9s de les cookies\nutilitzades en la p\u00e0gina web www.pau.informagedevelop.com (d&#8217;ara endavant, la\n\u201cP\u00e0gina Web\u201d).<\/p>\n\n\n\n<p>\n<strong>Quins\ntipus de cookies utilitzem?<\/strong><\/p>\n\n\n\n<p>\nLes\ncookies, en funci\u00f3 de la seva perman\u00e8ncia, poden dividir-se en\ncookies de sessi\u00f3 o permanents. Les primeres expiren quan l&#8217;usuari\ntanca el navegador. Les segones expiren en funci\u00f3 de quan es\ncompleixi l&#8217;objectiu per al qual serveixen (per exemple, perqu\u00e8\nl&#8217;usuari es mantingui identificat) o b\u00e9 quan s&#8217;esborren manualment.<\/p>\n\n\n\n<p>\nEn\nrelaci\u00f3 amb el termini en el qual romanen actives, les cookies de\nsessi\u00f3 accedeixen i tracten les dades de l&#8217;usuari mentre estigui\nnavegant pel lloc web; les cookies permanents accedeixen i tracten\ndades de l&#8217;usuari durant un termini concret, mentre que l\u2019usuari\nnavegui pel lloc web. Addicionalment, en funci\u00f3 de la seva\nfinalitat, les cookies poden classificar-se de la seg\u00fcent forma:<\/p>\n\n\n\n<p>\n<strong>Cookies\nestrictament necess\u00e0ries<\/strong><\/p>\n\n\n\n<p>\nEs\nprecisen per al funcionament del lloc web. Inclouen, per exemple,\ncookies que permeten que es registri en seccions segures del nostre\nlloc web, es desplaci per aquest o utilitzi les caracter\u00edstiques\nd&#8217;aquest.<\/p>\n\n\n\n<p>\n<strong>Cookies\nde rendiment<\/strong><\/p>\n\n\n\n<p>\nAquest\ntipus de cookie recorda les seves prefer\u00e8ncies per a les eines que\nes troben en els serveis, per la qual cosa no ha de tornar a\nconfigurar el servei cada vegada que vost\u00e8 visita. Per exemple, en\naquesta tipologia s&#8217;inclouen: Ajustos de volum de reproductors de\nv\u00eddeo o so. Les velocitats de transmissi\u00f3 de v\u00eddeo que siguin\ncompatibles amb el seu navegador. Els objectes guardats en el \u201ccarret\nde la compra\u201d en els serveis de e-commerce com ara botigues.<\/p>\n\n\n\n<p>\n<strong>Cookies\nde geolocalitzaci\u00f3<\/strong><\/p>\n\n\n\n<p>\nAquestes\ncookies s\u00f3n utilitzades per a con\u00e8ixer en quin pa\u00eds es troba quan\nsol\u00b7licita un servei. Aquesta cookie \u00e9s totalment an\u00f2nima, i nom\u00e9s\ns&#8217;utilitza per a ajudar a orientar el contingut a la seva ubicaci\u00f3.<\/p>\n\n\n\n<p>\n<strong>Cookies\nde registre<\/strong><\/p>\n\n\n\n<p>\nLes\ncookies de registre es generen una vegada que l&#8217;usuari s&#8217;ha registrat\no posteriorment ha obert la seva sessi\u00f3, i s&#8217;utilitzen per a\nidentificar-li en els serveis amb els seg\u00fcents objectius:<\/p>\n\n\n\n<p> Mantenir a l&#8217;usuari identificat de manera que, si tanca un servei, el navegador o l&#8217;ordinador i en un altre moment o un altre dia torna a entrar en aquest servei, seguir\u00e0 identificat, facilitant aix\u00ed la seva navegaci\u00f3 sense haver de tornar a identificar-se. Aquesta funcionalitat es pot suprimir si l&#8217;usuari prem la funcionalitat [tancar sessi\u00f3] , de manera que aquesta cookie s&#8217;elimina i la pr\u00f2xima vegada que entre en el servei l&#8217;usuari haur\u00e0 d&#8217;iniciar sessi\u00f3 per a estar identificat.  <\/p>\n\n\n\n<p>\nComprovar\nsi l&#8217;usuari est\u00e0 autoritzat per a accedir a certs serveis, per\nexemple, per a participar en un concurs.<\/p>\n\n\n\n<p>\nAddicionalment,\nalguns serveis poden utilitzar connectors amb xarxes socials com ara\nFacebook o Twitter. Quan l&#8217;usuari es registra en un servei amb\ncredencials d&#8217;una xarxa social, autoritza la xarxa social a guardar\nuna Cookie persistent que recorda la seva identitat i li garanteix\nacc\u00e9s als serveis fins que expira. L&#8217;usuari pot esborrar aquesta\nCookie i revocar l&#8217;acc\u00e9s als serveis mitjan\u00e7ant xarxes socials\nactualitzant les seves prefer\u00e8ncies en la xarxa social que\nespec\u00edfica.<\/p>\n\n\n\n<p>\n<strong>Cookies\nd\u2019anal\u00edtiques<\/strong><\/p>\n\n\n\n<p>\nCada\nvegada que un usuari visita un servei, una eina d&#8217;un prove\u00efdor\nextern genera una cookie anal\u00edtica en l&#8217;ordinador de l&#8217;usuari.\nAquesta cookie que nom\u00e9s es genera en la visita, servir\u00e0 en\npr\u00f2ximes visites per a identificar de manera an\u00f2nima al visitant.\nEls objectius principals que es persegueixen s\u00f3n:<\/p>\n\n\n\n<p>\nPermetre\nla identificaci\u00f3 an\u00f2nima dels usuaris navegants a trav\u00e9s de la\ncookie (identifica navegadors i dispositius, no persones) i per tant\nla comptabilitzaci\u00f3 aproximada del nombre de visitants i la seva\ntend\u00e8ncia en el temps.<\/p>\n\n\n\n<p>\nIdentificar\nde manera an\u00f2nima els continguts m\u00e9s visitats i per tant m\u00e9s\natractius per als usuaris Saber si l&#8217;usuari que est\u00e0 accedint \u00e9s\nnou o repeteix visita.<\/p>\n\n\n\n<p>\nImportant:\nExcepte que l&#8217;usuari decideixi registrar-se en la P\u00e0gina Web, la\ncookie mai anir\u00e0 associada a cap dada de car\u00e0cter personal que\npugui identificar-li. Aquestes cookies nom\u00e9s seran utilitzades amb\nprop\u00f2sits estad\u00edstics que ajudin a l&#8217;optimitzaci\u00f3 de l&#8217;experi\u00e8ncia\ndels usuaris en el lloc web.<\/p>\n\n\n\n<p>\n<strong>Cookies\nde publicitat<\/strong><\/p>\n\n\n\n<p>\nAquest\ntipus de cookies permeten ampliar la informaci\u00f3 dels anuncis\nmostrats a cada usuari an\u00f2nim. Entre altres, s&#8217;emmagatzema la durada\no freq\u00fc\u00e8ncia de visualitzaci\u00f3 de posicions publicit\u00e0ries, la\ninteracci\u00f3 amb aquestes, o els patrons de navegaci\u00f3 i\/o\ncomportaments de l&#8217;usuari ja que ajuden a conformar un perfil\nd&#8217;inter\u00e8s publicitari. D&#8217;aquesta manera, permeten oferir publicitat\naf\u00ed als interessos de l&#8217;usuari.<\/p>\n\n\n\n<p>\n<strong>Cookies\npublicit\u00e0ries de tercers<\/strong><\/p>\n\n\n\n<p>\nA\nm\u00e9s de la publicitat que puguem gestionar, la P\u00e0gina Web pot oferir\nals seus anunciants l&#8217;opci\u00f3 de servir anuncis a trav\u00e9s de tercers\n(\u201cAd-Servers\u201d). D&#8217;aquesta manera, aquests tercers poden\nemmagatzemar cookies enviades des de la P\u00e0gina Web procedents dels\nnavegadors dels usuaris, aix\u00ed com accedir a les dades que en elles\nes guarden.<\/p>\n\n\n\n<p>\nLes\nempreses que generen aquestes cookies tenen les seves pr\u00f2pies\npol\u00edtiques de privacitat. En l&#8217;actualitat, utilitzem la plataforma\nDoubleclick (Google) per a gestionar aquests serveis. Per a m\u00e9s\ninformaci\u00f3, acudeixi a: \n<\/p>\n\n\n\n<p>\n<a href=\"http:\/\/www.google.es\/policies\/privacy\/ads\/#toc-doubleclick\" rel=\"nofollow noopener\" target=\"_blank\">http:\/\/www.google.es\/policies\/privacy\/ads\/#toc-doubleclick<\/a>\n y a <a href=\"http:\/\/www.google.es\/policies\/privacy\/ads\/\" rel=\"nofollow noopener\" target=\"_blank\">http:\/\/www.google.es\/policies\/privacy\/ads\/<\/a>.\n\n<\/p>\n\n\n\n<p>\nNo\nens fem responsables del contingut ni de la veracitat de les\npol\u00edtiques de privacitat que puguin tenir els tercers esmentats en\naquesta Pol\u00edtica de Cookies. Els navegadors web s\u00f3n les eines\nencarregades d&#8217;emmagatzemar les cookies. No podem garantir la\ncorrecta o incorrecta manipulaci\u00f3 de les cookies per part dels\nnavegadors. En alguns casos, resulta necessari instal\u00b7lar cookies\nperqu\u00e8 el navegador no oblidi la decisi\u00f3 de l&#8217;usuari de no acceptar\nla instal\u00b7laci\u00f3 de cookies.<\/p>\n\n\n\n<p>\n<strong>Com\npuc deshabilitar les cookies en el meu navegador?<\/strong><\/p>\n\n\n\n<p>\nEs\npoden configurar els diferents navegadors per a avisar a l&#8217;usuari de\nla recepci\u00f3 de cookies i, si es desitja, impedir la seva\ninstal\u00b7laci\u00f3 en l&#8217;equip. Aix\u00ed mateix, l&#8217;usuari pot revisar en el\nseu navegador quines cookies t\u00e9 instal\u00b7lades i quin \u00e9s el termini\nde caducitat d&#8217;aquestes, podent eliminar-les.<\/p>\n\n\n\n<p>\nPer\na ampliar aquesta informaci\u00f3 consulti les instruccions i manuals del\nseu navegador:<\/p>\n\n\n\n<p>\nPer\na m\u00e9s informaci\u00f3 sobre l&#8217;administraci\u00f3 de les cookies a Google\nChrome:<\/p>\n\n\n\n<p><a href=\"https:\/\/support.google.com\/chrome\/answer\/95647?hl=es\" rel=\"nofollow noopener\" target=\"_blank\">https:\/\/support.google.com\/chrome\/answer\/95647?hl=es<\/a><\/p>\n\n\n\n<p>\nPer\na m\u00e9s informaci\u00f3 sobre l&#8217;administraci\u00f3 de les cookies a Internet\nExplorer:<\/p>\n\n\n\n<p><a href=\"http:\/\/windows.microsoft.com\/es-es\/windows-vista\/cookies-frequently-asked-questions\" rel=\"nofollow noopener\" target=\"_blank\">http:\/\/windows.microsoft.com\/es-es\/windows-vista\/cookies-frequently-asked-questions<\/a><\/p>\n\n\n\n<p>\nPer\na m\u00e9s informaci\u00f3 sobre l&#8217;administraci\u00f3 de les cookies a\nMozilla\nFirefox:<\/p>\n\n\n\n<p><a href=\"http:\/\/support.mozilla.org\/es\/kb\/habilitar-y-deshabilitar-cookies-que-los-sitios-we\" rel=\"nofollow noopener\" target=\"_blank\">http:\/\/support.mozilla.org\/es\/kb\/habilitar-y-deshabilitar-cookies-que-los-sitios-we<\/a><\/p>\n\n\n\n<p>\nPer\na m\u00e9s informaci\u00f3 sobre l&#8217;administraci\u00f3 de les cookies a Safari:<\/p>\n\n\n\n<p><a href=\"http:\/\/www.apple.com\/es\/privacy\/use-of-cookies\/\" rel=\"nofollow noopener\" target=\"_blank\">http:\/\/www.apple.com\/es\/privacy\/use-of-cookies\/<\/a><\/p>\n\n\n\n<p>\nPer\na m\u00e9s informaci\u00f3 sobre l&#8217;administraci\u00f3 de les cookies a Opera:<\/p>\n\n\n\n<p><a href=\"http:\/\/help.opera.com\/Windows\/11.50\/es-ES\/cookies.html\" rel=\"nofollow noopener\" target=\"_blank\">http:\/\/help.opera.com\/Windows\/11.50\/es-ES\/cookies.html<\/a><\/p>\n\n\n\n<p>\nSi\ndesitja deixar de ser seguit per Google Analytics visiti:\n<a href=\"http:\/\/tools.google.com\/dlpage\/gaoptout\" rel=\"nofollow noopener\" target=\"_blank\">http:\/\/tools.google.com\/dlpage\/gaoptout<\/a>\n\n<\/p>\n\n\n\n<p>\n<strong>Per\nsaber m\u00e9s sobre les cookies <\/strong>\n<\/p>\n\n\n\n<p>\nPot\nobtenir m\u00e9s informaci\u00f3 sobre la publicitat online basada en el\ncomportament i la privacitat online en el seg\u00fcent enlla\u00e7:\n<a href=\"http:\/\/www.youronlinechoices.com\/es\/\" rel=\"nofollow noopener\" target=\"_blank\">http:\/\/www.youronlinechoices.com\/es\/<\/a>\n\n<\/p>\n\n\n\n<p>\nProtecci\u00f3\nde dades de Google Analytics:\n<a href=\"http:\/\/www.google.com\/analytics\/learn\/privacy.html\" rel=\"nofollow noopener\" target=\"_blank\">http:\/\/www.google.com\/analytics\/learn\/privacy.html<\/a>\n\n<\/p>\n\n\n\n<p>\nCom\nutilitza Google Analytics les cookies: \n<a href=\"https:\/\/developers.google.com\/analytics\/devguides\/collection\/analyticsjs\/cookie-usage?hl=es#analyticsjs\" rel=\"nofollow noopener\" target=\"_blank\">https:\/\/developers.google.com\/analytics\/devguides\/collection\/analyticsjs\/cookie-usage?hl=es#analyticsjs<\/a>\n\n<\/p>\n\n\n\n<p>\n<strong>Actualitzacions\ni canvis en la pol\u00edtica de privacitat\/cookies<\/strong><\/p>\n\n\n\n<p>\nPAU\nGASOL ENTREPRISES, LLC pot modificar aquesta Pol\u00edtica de Cookies en\nfunci\u00f3 d&#8217;exig\u00e8ncies legislatives, reglament\u00e0ries, o amb la\nfinalitat d&#8217;adaptar aquesta pol\u00edtica a les instruccions dictades per\nl&#8217;Ag\u00e8ncia Espanyola de Protecci\u00f3 de Dades, per aix\u00f2 s&#8217;aconsella\nals usuaris que la visitin peri\u00f2dicament.<\/p>\n\n\n\n<p>\nQuan\nes produeixin canvis significatius en aquesta Pol\u00edtica de Cookies,\naquests es comunicaran als usuaris b\u00e9 mitjan\u00e7ant la web o a trav\u00e9s\nde correu electr\u00f2nic als usuaris registrats.<\/p>\n","protected":false},"excerpt":{"rendered":"<p>Pol\u00edtica de cookies Qu\u00e8 s\u00f3n les cookies? Les cookies s\u00f3n un conjunt de dades que un servidor diposita en el navegador de l&#8217;usuari per a recollir la informaci\u00f3 de registre est\u00e0ndard d&#8217;Internet i la informaci\u00f3 del comportament dels visitants en un lloc web. \u00c9s a dir, es tracta de petits arxius de text que queden [&hellip;]<\/p>\n","protected":false},"author":1,"featured_media":0,"parent":0,"menu_order":0,"comment_status":"closed","ping_status":"closed","template":"","meta":{"inline_featured_image":false},"_links":{"self":[{"href":"https:\/\/pau.informagedevelop.com\/ca\/wp-json\/wp\/v2\/pages\/1154"}],"collection":[{"href":"https:\/\/pau.informagedevelop.com\/ca\/wp-json\/wp\/v2\/pages"}],"about":[{"href":"https:\/\/pau.informagedevelop.com\/ca\/wp-json\/wp\/v2\/types\/page"}],"author":[{"embeddable":true,"href":"https:\/\/pau.informagedevelop.com\/ca\/wp-json\/wp\/v2\/users\/1"}],"replies":[{"embeddable":true,"href":"https:\/\/pau.informagedevelop.com\/ca\/wp-json\/wp\/v2\/comments?post=1154"}],"version-history":[{"count":4,"href":"https:\/\/pau.informagedevelop.com\/ca\/wp-json\/wp\/v2\/pages\/1154\/revisions"}],"predecessor-version":[{"id":1818,"href":"https:\/\/pau.informagedevelop.com\/ca\/wp-json\/wp\/v2\/pages\/1154\/revisions\/1818"}],"wp:attachment":[{"href":"https:\/\/pau.informagedevelop.com\/ca\/wp-json\/wp\/v2\/media?parent=1154"}],"curies":[{"name":"wp","href":"https:\/\/api.w.org\/{rel}","templated":true}]}}