{"id":1156,"date":"2019-10-22T10:03:26","date_gmt":"2019-10-22T10:03:26","guid":{"rendered":"https:\/\/pau.informagedevelop.com\/politica-de-privacidad\/"},"modified":"2020-03-30T11:58:04","modified_gmt":"2020-03-30T11:58:04","slug":"politica-de-privacitat","status":"publish","type":"page","link":"https:\/\/pau.informagedevelop.com\/ca\/politica-de-privacitat\/","title":{"rendered":"Pol\u00edtica de privacitat"},"content":{"rendered":"\n<h1 class=\"header-legal\">Pol\u00edtica de privacitat<\/h1>\n\n\n\n<p>\n<strong>COM\nTRACTEM LES TEVES DADES<\/strong><\/p>\n\n\n\n<p>\nVolem\ndonar-te alguns detalls sobre com PAU GASOL ENTERPRISES LLC (la\n\u201c<strong>Companyia<\/strong>\u201d\no \u201c<strong>nosaltres<\/strong>\u201d)\ntracta les dades personals que ens facilites en interactuar amb\nnosaltres. Aix\u00ed, aquesta pol\u00edtica de privacitat s&#8217;aplica a totes\nles persones que ens faciliten dades de car\u00e0cter personal a\nconseq\u00fc\u00e8ncia de l&#8217;\u00fas que realitzen de la p\u00e0gina web\nwww.pau.informagedevelop.com (d&#8217;ara endavant, la \u201c<strong>P\u00e0gina\nWeb<\/strong>\u201d)\ncom dels serveis que puntualment puguem oferir a trav\u00e9s de la P\u00e0gina\nWeb (els \u201c<strong>Serveis<\/strong>\u201d).<\/p>\n\n\n\n<p>\nHem\nanomenat a aquest document \u201cCom tractem de les teves dades\npersonals\u201d perqu\u00e8 \u00e9s important per a nosaltres que aquesta\ninformaci\u00f3 estigui al m\u00e9s accessible possible per a tu, per\u00f2 en\ncas que prefereixis les denominacions m\u00e9s tradicionals, aquest\ndocument \u00e9s la nostra Pol\u00edtica de Privacitat.<\/p>\n\n\n\n<p>\n<strong>Informaci\u00f3\nb\u00e0sica sobre com tracto les teves dades<\/strong><\/p>\n\n\n\n<figure class=\"wp-block-table\"><table class=\"\"><tbody><tr><td>\n\t\t\t<strong>Responsable<\/strong>\n\t\t<\/td><td>\n\t\t\t\n\t\t\tPAU\n\t\t\tGASOL ENTERPRISES LLC. 700 Harris Street, Suite 201,\n\t\t\tCharlottesville, VA, 22903. EIN Number: 81-2016514\n\t\t\tMAIL:\n\t\t\tweb@pau.informagedevelop.com\n\t\t<\/td><\/tr><tr><td>\n\t\t\t<strong>Finalitat<\/strong>\n\t\t<\/td><td>\n\t\t\tUtilitzem\n\t\t\tles teves dades per enviar-te la nostra Newsletter\n\t\t\ti, quan ho sol\u00b7licitis, remetre\u2019t informaci\u00f3 sobre les nostres\n\t\t\tactivitats i\/o serveis.\n\t\t<\/td><\/tr><tr><td>\n\t\t\t<strong>Legitimaci\u00f3<\/strong>\n\t\t<\/td><td>\n\t\t\t\n\t\t\tEl\n\t\t\tteu consentiment al sol\u00b7licitar-nos rebre la nostra Newsletter\n\t\t\tdes del formulari disponible en la nostra P\u00e0gina Web. \n\t\t\t\n\t\t<\/td><\/tr><tr><td>\n\t\t\t<strong>Destinataris<\/strong>\n\t\t<\/td><td>\n\t\t\tNo\n\t\t\tes cediran les dades sense consentiment expr\u00e9s, excepte obligaci\u00f3\n\t\t\tlegal.\n\t\t<\/td><\/tr><tr><td>\n\t\t\t<strong>Drets<\/strong>\n\t\t<\/td><td>\n\t\t\tAccedir,\n\t\t\trectificar i suprimir les dades, aix\u00ed com altres drets\n\t\t\tcontemplats en la normativa de protecci\u00f3 de dades, com se explica\n\t\t\ten la informaci\u00f3 addicional escrivint-nos a\n\t\t\t_____________________.\n\t\t<\/td><\/tr><\/tbody><\/table><\/figure>\n\n\n\n<p>\nLes\ndades que decideixis proporcionar-nos a trav\u00e9s de qualsevol dels\nmitjans habilitats, ens les facilites lliurement i acceptes que\naquestes dades personals siguin objecte del tractament corresponent\nen cada cas en funci\u00f3 del consentiment i la finalitat per a la qual\nles hagis facilitat.<\/p>\n\n\n\n<p>\nSegons\nel que es disposa en el Reglament (UE) 2016\/679, de 27 d&#8217;abril,\nGeneral de Protecci\u00f3 de Dades (d&#8217;ara endavant, \u201c<strong>RGPD<\/strong>\u201d)\ni en la Llei org\u00e0nica 3\/2018, de 5 de desembre, de Protecci\u00f3 de\nDades Personals i garantia dels drets digitals (d&#8217;ara endavant,\n\u201cL<strong>OPDGDD<\/strong>\u201d)\nhem de facilitar-te la informaci\u00f3 relativa al tractament de les\nteves dades amb la finalitat que tinguis tota la informaci\u00f3\nnecess\u00e0ria per a donar-me de manera v\u00e0lida el teu consentiment. Per\naix\u00f2 \u00e9s essencial que llegeixis atentament la informaci\u00f3 que et\ndetallo a continuaci\u00f3.<\/p>\n\n\n\n<p>\n<strong>Per\na qu\u00e8 tractem les teves dades?<\/strong><\/p>\n\n\n\n<p>\nLes\ndades personals que ens facilites en el formulari habilitat a aquest\nefecte \u00e9s per a poder enviar-te la Newsletter associada a la P\u00e0gina\nWeb aix\u00ed com la informaci\u00f3 relativa als productes i serveis\nassociats a la P\u00e0gina Web que en cap cas ser\u00e0 informaci\u00f3 de\ntercers.<\/p>\n\n\n\n<p>\nSi\nno vols rebre cap mena d&#8217;informaci\u00f3 sobre els meus serveis o en\nalgun moment vols deixar de rebre-la, indica&#8217;ns-el enviant un mail a\nl&#8217;adre\u00e7a web@pau.informagedevelop.com, o mitjan\u00e7ant correu postal al domicili\nque hem indicat m\u00e9s amunt.<\/p>\n\n\n\n<p>\n<strong>Per\nqu\u00e8 ra\u00f3 utilitzem les teves dades personals?<\/strong><\/p>\n\n\n\n<p>\nLa\nbase legal del tractament de les teves dades \u00e9s el teu consentiment\nmitjan\u00e7ant l&#8217;acceptaci\u00f3 de la present Pol\u00edtica de Privacitat i, en\nel seu cas, la subscripci\u00f3 a la Newsletter.<\/p>\n\n\n\n<p>\n<strong>A\nqui comuniquem les teves dades?<\/strong><\/p>\n\n\n\n<p>\nNo\ncomuniquem les teves dades personals a tercers. \u00danicament\ncomunicarem les teves dades quan estiguem obligats per una llei, per\nun procediment judicial, o per a investigar una activitat sospitosa.\nIgualment, podrem comunicar les teves dades personals quan pr\u00e8viament\nens hagis donat el teu consentiment expr\u00e9s.<\/p>\n\n\n\n<p>\nPer\na poder prestar els nostres serveis necessitem treballar amb empreses\nque tracten les teves dades pel meu compte (prove\u00efdors de hosting,\nde correu electr\u00f2nic, etc.), com a part de la prestaci\u00f3 d&#8217;un servei\nque els hem contractat. En aquests casos, les empreses tindran un\nacc\u00e9s limitat a les teves dades personals en la mesura en qu\u00e8 sigui\nnecessari per a executar les tasques encomanades, signarem els\ncorresponents contractes d&#8217;encarregats de tractament i els exigim el\ncompliment de la normativa en mat\u00e8ria de dades personals.<\/p>\n\n\n\n<p>\n<strong>Durant\nquant temps conservo les teves dades?<\/strong><\/p>\n\n\n\n<p>\nLes\ndades personals proporcionades es conservaran mentre siguin\nnecess\u00e0ries per a prestar els serveis sol\u00b7licitats i complir amb\nles finalitats descrites en la present Pol\u00edtica de Privacitat. Si\nt&#8217;has subscrit a la nostra P\u00e0gina Web i al nostre servei de\nNewsletter, conservarem les dades mentre estigui en vigor la relaci\u00f3\namb nosaltres i no sol\u00b7licitis la teva baixa o retiris el teu\nconsentiment per al tractament de les teves dades amb aquesta\nfinalitat.<\/p>\n\n\n\n<p>\nPots\nsol\u00b7licitar la cancel\u00b7laci\u00f3 del teu compte en el moment que\nestimis oport\u00fa.<\/p>\n\n\n\n<p>\n<strong>Com\ncustodiem les teves dades?<\/strong><\/p>\n\n\n\n<p>\nEn\ncompliment de la nostra obligaci\u00f3 de guardar secret respecte de les\ndades de car\u00e0cter personal recollits, aix\u00ed com del nostre deure de\ncustodiar-los, ens comprometem a adoptar les mesures de seguretat\nnecess\u00e0ries per a evitar la seva modificaci\u00f3, alteraci\u00f3, p\u00e8rdua,\ntractament o acc\u00e9s no autoritzat, d&#8217;acord amb el que s&#8217;estableix en\nel RGPD.<\/p>\n\n\n\n<p>\nReconeixem\ni ens prenem molt en serio la nostra responsabilitat a l&#8217;hora de\nprotegir les teves dades personals. \u00c9s per aix\u00f2 que mantenim els\nnivells de seguretat de protecci\u00f3 de dades personals conforme al que\nes preveu en el Reglament (UE) 2016\/679, de 27 d&#8217;abril, General de\nProtecci\u00f3 de Dades i hem establert tots els mitjans t\u00e8cnics al\nnostre abast per a evitar la p\u00e8rdua, malament \u00fas, alteraci\u00f3, acc\u00e9s\nno autoritzat i robatori de les dades que ens facilites, sense\nperjudici d&#8217;informar-te que les mesures de seguretat en Internet no\ns\u00f3n 100% inexpugnables.<\/p>\n\n\n\n<p>\n<strong>Com\npots controlar la gesti\u00f3 de les teves dades?<\/strong><\/p>\n\n\n\n<p>\nDe\nnou et recordem que podr\u00e0s exercitar els teus drets d&#8217;acc\u00e9s,\nrectificaci\u00f3, supressi\u00f3 i oposici\u00f3 aix\u00ed com els de limitaci\u00f3 i\nportabilitat, en qualsevol de les adreces que t&#8217;hem donat al principi\nd&#8217;aquesta pol\u00edtica de privacitat, adjuntant fotoc\u00f2pia del DNI i\nindicant-nos quina actuaci\u00f3 per part nostra sol\u00b7licites.<\/p>\n\n\n\n<p>\nL&#8217;exercici\nde tots aquests drets \u00e9s gratu\u00eft i, en per una major transpar\u00e8ncia,\net facilitem m\u00e9s informaci\u00f3 sobre aquests drets:<\/p>\n\n\n\n<figure class=\"wp-block-table\"><table class=\"\"><tbody><tr><td>\n\t\t\t\n\t\t\t<strong>Dret<\/strong>\n\t\t<\/td><td>\n\t\t\t\n\t\t\t<strong>Contingut<\/strong>\n\t\t<\/td><\/tr><tr><td>\n\t\t\t\n\t\t\t<strong>Acc\u00e9s,\n\t\t\tRectificaci\u00f3 i Supressi\u00f3<\/strong>\n\t\t<\/td><td>\n\t\t\t\n\t\t\tSol\u00b7licitant-ho\n\t\t\tb\u00e9 a l&#8217;adre\u00e7a de correu electr\u00f2nic web@pau.informagedevelop.com o a\n\t\t\tl&#8217;adre\u00e7a del responsable del tractament facilitada en aquest\n\t\t\tdocument. Recorda que la teva sol\u00b7licitud haur\u00e0 d&#8217;expressar\n\t\t\tclarament el teu desig i haur\u00e0 d&#8217;estar acompanyada de fotoc\u00f2pia\n\t\t\tdel teu DNI perqu\u00e8 puguem acreditar la teva identitat.\n\t\t<\/td><\/tr><tr><td>\n\t\t\t\n\t\t\t<strong>Oposici\u00f3<\/strong>\n\t\t<\/td><td>\n\t\t\t\n\t\t\tEn\n\t\t\tdeterminades circumst\u00e0ncies i per motius relacionats amb la teva\n\t\t\tsituaci\u00f3 particular, pots oposar-te al tractament de les teves\n\t\t\tdades. La Companyia deixar\u00e0 de tractar les dades, excepte per\n\t\t\tmotius leg\u00edtims imperiosos, per l&#8217;exercici o la defensa de\n\t\t\tpossibles reclamacions, o per a complir amb les meves obligacions\n\t\t\tlegals.\n\t\t<\/td><\/tr><tr><td>\n\t\t\t\n\t\t\t<strong>Limitaci\u00f3\n\t\t\tdel tractament<\/strong>\n\t\t<\/td><td>\n\t\t\t\n\t\t\tEn\n\t\t\tdeterminades circumst\u00e0ncies pots sol\u00b7licitar la limitaci\u00f3 del\n\t\t\ttractament de les teves dades, i en aquest cas \u00fanicament els\n\t\t\tconservarem per a complir amb les nostres obligacions legals.\n\t\t<\/td><\/tr><tr><td>\n\t\t\t\n\t\t\t<strong>Portabilitat\n\t\t\t<\/strong>\n\t\t\t\n\t\t<\/td><td>\n\t\t\t\n\t\t\tEn\n\t\t\tcas d&#8217;aplicaci\u00f3, pots rebre, en format electr\u00f2nic, les dades\n\t\t\tpersonals que m&#8217;hagis facilitat.\n\t\t<\/td><\/tr><tr><td>\n\t\t\t\n\t\t\t<strong>Retirada\n\t\t\tdel consentiment<\/strong>\n\t\t<\/td><td>\n\t\t\tEn\n\t\t\tqualsevol moment pots retirar el consentiment prestat sense que\n\t\t\taix\u00f2 afecti la licitud del tractament. Si sol\u00b7licites la\n\t\t\tcancel\u00b7laci\u00f3 de les teves dades deixar\u00e9 de processar els\n\t\t\tmateixos per\u00f2 tingues en compte que no podr\u00e9 continuar\n\t\t\tprestant-te serveis i que, en determinats casos en els quals\n\t\t\ttingui la base legal corresponent, continuar\u00e9 processant la teva\n\t\t\tinformaci\u00f3 despr\u00e9s que hagis retirat el teu consentiment i\n\t\t\tsol\u00b7licitat l&#8217;eliminaci\u00f3 de la teva informaci\u00f3. \n\t\t\t\n\t\t<\/td><\/tr><\/tbody><\/table><\/figure>\n\n\n\n<p>\nIgualment\nt&#8217;informem que tens dret a presentar una reclamaci\u00f3 a l&#8217;Ag\u00e8ncia\nEspanyola de Protecci\u00f3 de Dades (www.agpd.es). En tot cas, pel\nnostre fort comprom\u00eds amb la privacitat et convidem al fet que et\ndirigeixis directament a nosaltres per a solucionar qualsevol q\u00fcesti\u00f3\nrelacionada amb les teves dades personals; estarem encantat de poder\nser-te d&#8217;utilitat.<\/p>\n\n\n\n<p>\n<strong>Modificaci\u00f3\nde la present pol\u00edtica de dades de car\u00e0cter personal<\/strong><\/p>\n\n\n\n<p>\nEns\nreservem el dret a modificar la present pol\u00edtica per a adaptar-la a\nfutures novetats legislatives o jurisprudencials, aix\u00ed com a\npr\u00e0ctiques de la ind\u00fastria, informant pr\u00e8viament els usuaris a\ntrav\u00e9s del meu web. Et recomanem que consultis aquesta p\u00e0gina amb\ncerta freq\u00fc\u00e8ncia per a revisar la versi\u00f3 m\u00e9s recent. En la part\nsuperior d&#8217;aquest document t&#8217;indiquem la data de l&#8217;\u00faltima\nactualitzaci\u00f3.<\/p>\n\n\n\n<p>\nEl\nnou av\u00eds de privacitat ser\u00e0 efectiu des del moment de la seva\npublicaci\u00f3. Si no acceptes les modificacions del nou av\u00eds, podr\u00e0s\nexercitar qualsevol dels teus drets o deixar d&#8217;utilitzar el meu\nservei. Si continues accedint o utilitzant els nostres serveis\ndespr\u00e9s de l&#8217;entrada en vigor d&#8217;aquestes modificacions, acceptes\nestar subjecte a les noves pol\u00edtiques de privacitat.<\/p>\n\n\n\n<p>\nEn\ncap cas aquestes modificacions afectaran l&#8217;elecci\u00f3 que haguessis\nformulat pel que fa a la manera en qu\u00e8 podem tractar les teves dades\npersonals. Si en algun moment volgu\u00e9ssim utilitzar les teves dades\nde manera diferent a l&#8217;establerta en el moment de la recollida, te&#8217;l\nnotificarem per correu electr\u00f2nic, sol\u00b7licitant el teu\nconsentiment.<\/p>\n","protected":false},"excerpt":{"rendered":"<p>Pol\u00edtica de privacitat COM TRACTEM LES TEVES DADES Volem donar-te alguns detalls sobre com PAU GASOL ENTERPRISES LLC (la \u201cCompanyia\u201d o \u201cnosaltres\u201d) tracta les dades personals que ens facilites en interactuar amb nosaltres. Aix\u00ed, aquesta pol\u00edtica de privacitat s&#8217;aplica a totes les persones que ens faciliten dades de car\u00e0cter personal a conseq\u00fc\u00e8ncia de l&#8217;\u00fas que [&hellip;]<\/p>\n","protected":false},"author":1,"featured_media":0,"parent":0,"menu_order":0,"comment_status":"closed","ping_status":"closed","template":"","meta":{"inline_featured_image":false},"_links":{"self":[{"href":"https:\/\/pau.informagedevelop.com\/ca\/wp-json\/wp\/v2\/pages\/1156"}],"collection":[{"href":"https:\/\/pau.informagedevelop.com\/ca\/wp-json\/wp\/v2\/pages"}],"about":[{"href":"https:\/\/pau.informagedevelop.com\/ca\/wp-json\/wp\/v2\/types\/page"}],"author":[{"embeddable":true,"href":"https:\/\/pau.informagedevelop.com\/ca\/wp-json\/wp\/v2\/users\/1"}],"replies":[{"embeddable":true,"href":"https:\/\/pau.informagedevelop.com\/ca\/wp-json\/wp\/v2\/comments?post=1156"}],"version-history":[{"count":4,"href":"https:\/\/pau.informagedevelop.com\/ca\/wp-json\/wp\/v2\/pages\/1156\/revisions"}],"predecessor-version":[{"id":1832,"href":"https:\/\/pau.informagedevelop.com\/ca\/wp-json\/wp\/v2\/pages\/1156\/revisions\/1832"}],"wp:attachment":[{"href":"https:\/\/pau.informagedevelop.com\/ca\/wp-json\/wp\/v2\/media?parent=1156"}],"curies":[{"name":"wp","href":"https:\/\/api.w.org\/{rel}","templated":true}]}}