{"id":1897,"date":"2020-04-06T11:38:33","date_gmt":"2020-04-06T11:38:33","guid":{"rendered":"https:\/\/pau.informagedevelop.com\/?page_id=1897"},"modified":"2021-10-05T17:56:36","modified_gmt":"2021-10-05T17:56:36","slug":"nba","status":"publish","type":"page","link":"https:\/\/pau.informagedevelop.com\/ca\/nba\/","title":{"rendered":"NBA"},"content":{"rendered":"\n<div class=\"wp-container-1 wp-block-group header-nba\"><div class=\"wp-block-group__inner-container\">\n<p class=\"subtitle\">Deporte<\/p>\n\n\n\n<h1 class=\"has-text-align-center\">NBA \/ ACB<\/h1>\n\n\n\n<div class=\"wp-block-columns nba-main-text container\">\n<div class=\"wp-block-column col-text\">\n<p>No pots saber qu\u00e8 passar\u00e0 dem\u00e0, per\u00f2 si que pots controlar com t\u2019agradaria enfrontar-te al que vingui.<\/p>\n\n\n\n<div class=\"wp-block-columns\">\n<div class=\"wp-block-column\">\n<div class=\"wp-block-button\"><a class=\"wp-block-button__link has-background no-border-radius\" href=\"https:\/\/stats.nba.com\/player\/2200\/\" style=\"background-color:#d41313\" target=\"_blank\" rel=\"noreferrer noopener nofollow\">Veure estad\u00edstiques<\/a><\/div>\n<\/div>\n\n\n\n<div class=\"wp-block-column\">\n<figure class=\"wp-block-image size-large pau-signature\"><img src=\"https:\/\/pau.informagedevelop.com\/wp-content\/uploads\/2020\/01\/pau-signature.svg\" alt=\"\" class=\"wp-image-291\"\/><\/figure>\n\n\n\n<p><\/p>\n<\/div>\n<\/div>\n<\/div>\n\n\n\n<div class=\"wp-block-column col-empty\"><\/div>\n<\/div>\n<\/div><\/div>\n\n\n\n<div class=\"wp-container-2 wp-block-group nba-barca team grey\"><div class=\"wp-block-group__inner-container\">\n<div class=\"wp-block-columns container\">\n<div class=\"wp-block-column col-text\">\n<h2>FC Barcelona<\/h2>\n\n\n\n<p>Quan tenia 16 anys, Pau Gasol va ser reclutat per a l\u2019equip Junior del FC Barcelona, el camp d\u2019entrenament del club per a futurs jugadors de b\u00e0squet i on es va proclamar Campi\u00f3 d\u2019Espanya Junior.<\/p>\n\n\n\n<p>Pau es va convertir r\u00e0pidament en una jove estrella i va portar el FC Barcelona al Campionat d\u2019Europa Junior dos anys m\u00e9s tard.<\/p>\n\n\n\n<p>Durant la temporada 2000, Pau va aconseguir un lloc en el primer equip i a partir d\u2019aleshores mai va mirar enrere.<\/p>\n\n\n\n<p>A la Copa del Rei de 2001, i sota l\u2019atenta mirada de m\u00e9s de 40 cercatalents de l\u2019NBA, Pau va realitzar una actuaci\u00f3 brillant. Gasol va ser l\u2019MVP del torneig i va liderar el Barcelona per a guanyar la lliga espanyola de b\u00e0squet (lliga ACB).<\/p>\n\n\n\n<p>Nom\u00e9s sis mesos m\u00e9s tard de consolidar la seva posici\u00f3 al FC Barcelona, i despr\u00e9s d\u2019aconseguir una mitjana de 11,3 punts i 5,2 rebots per partit, Pau va ser seleccionat al Draft de l\u2019NBA. Aix\u00ed, es va convertir en el jugador espanyol m\u00e9s jove a aconseguir-ho i portant tan poc temps amb un equip s\u00e8nior.<\/p>\n\n\n\n<p>L\u2019any 2021, despr\u00e9s de 18 temporades a la NBA, Pau va tornar a Barcelona, la ciutat on va n\u00e9ixer i on va comen\u00e7ar a jugar professionalment a b\u00e0squet. Al febrer de 2021 va fitxar pel Bar\u00e7a a les ordres de Saras Jasikevicius, qui havia estat el seu company a la seva primera etapa al club. L\u2019equip va guanyar la Lliga aquell any i va jugar la final de l\u2019Eurolliga. Aquell mateix any, Pau va anunciar la seva retirada de l\u2019esport professional.<\/p>\n<\/div>\n\n\n\n<div class=\"wp-block-column\">\n<figure class=\"wp-block-image size-large\"><img loading=\"lazy\" width=\"624\" height=\"799\" src=\"https:\/\/pau.informagedevelop.com\/wp-content\/uploads\/2021\/05\/pau-gasol-fcb.png\" alt=\"\" class=\"wp-image-2335\" srcset=\"https:\/\/pau.informagedevelop.com\/wp-content\/uploads\/2021\/05\/pau-gasol-fcb.png 624w, https:\/\/pau.informagedevelop.com\/wp-content\/uploads\/2021\/05\/pau-gasol-fcb-234x300.png 234w\" sizes=\"(max-width: 624px) 100vw, 624px\" \/><\/figure>\n<\/div>\n<\/div>\n<\/div><\/div>\n\n\n\n<div class=\"wp-container-3 wp-block-group nba-grizzlies team imgleft first-team\"><div class=\"wp-block-group__inner-container\">\n<div class=\"wp-block-columns container\">\n<div class=\"wp-block-column\">\n<figure class=\"wp-block-image size-full\"><img loading=\"lazy\" width=\"569\" height=\"810\" src=\"https:\/\/pau.informagedevelop.com\/wp-content\/uploads\/2020\/03\/grizzlies-1.png\" alt=\"grizzlies\" class=\"wp-image-1686\" srcset=\"https:\/\/pau.informagedevelop.com\/wp-content\/uploads\/2020\/03\/grizzlies-1.png 569w, https:\/\/pau.informagedevelop.com\/wp-content\/uploads\/2020\/03\/grizzlies-1-211x300.png 211w\" sizes=\"(max-width: 569px) 100vw, 569px\" \/><\/figure>\n<\/div>\n\n\n\n<div class=\"wp-block-column col-text\">\n<h2>Memphis Grizzlies<\/h2>\n\n\n\n<p>Pau va ser seleccionat en la tercera posici\u00f3 del Draft de l\u2019NBA de 2001 pels Atlanta Hawks, els quals van traspassar els seus drets als Memphis Grizzlies on va jugar sis temporades i mitja. Aix\u00ed, Pau es va convertir en el jugador no format a Estats Units escollit en el n\u00famero m\u00e9s alt del draft en aquell moment. Encara no tenia 21 anys.<\/p>\n\n\n\n<p>La seva brillant temporada li va valdre el reconeixement com a rookie de l\u2019any de l\u2019NBA el 2002. En aquell moment es va convertir en l\u2019\u00fanic jugador de nacionalitat no estatunidenca en assolir-lo.<\/p>\n\n\n\n<p>L\u2019any 2006, seria convocat per l\u2019All Star Game, convertint-se en el primer espanyol en aconseguir-ho. Durant l\u2019\u00faltima temporada a Memphis, obtindria 20,8 punts per partir, la seva mitjana de punts m\u00e9s alta.<\/p>\n<\/div>\n<\/div>\n<\/div><\/div>\n\n\n\n<div class=\"wp-container-4 wp-block-group nba-lakers team grey imgright\"><div class=\"wp-block-group__inner-container\">\n<div class=\"wp-block-columns container\">\n<div class=\"wp-block-column col-text\">\n<h2>Los Angeles Lakers<\/h2>\n\n\n\n<p>El febrer de 2008 va ser traspassat a Los Angeles Lakers, on va formar una gran dupla amb Kobe Bryant, qui va manifestar posteriorment que Pau \u00e9s un dels tres jugador amb qui ha gaudit m\u00e9s jugant en tota la seva carrera. A Los Angeles, Gasol va ajudar els Lakers a arribar tres vegades consecutives a les finals de l\u2019NBA (2008-10), que van donar lloc a la consecuci\u00f3 de dos Campionats (2009 i 2010). Es va convertir aix\u00ed en el primer espanyol a guanyar un anell NBA, i un any m\u00e9s tard sumava un segon.<\/p>\n\n\n\n<p>Durant la seva estada a Los Angeles, Pau va ser convidat a participar a tres All Star Games.<\/p>\n\n\n\n<p>L\u2019any 2012, Pau va ser condecorat amb el premi NBA J. Walter Kennedy Citizenship per la seva participaci\u00f3 en diverses obres ben\u00e8fiques.<\/p>\n<\/div>\n\n\n\n<div class=\"wp-block-column\">\n<figure class=\"wp-block-image size-full\"><img loading=\"lazy\" width=\"593\" height=\"849\" src=\"https:\/\/pau.informagedevelop.com\/wp-content\/uploads\/2020\/03\/lakers-1.png\" alt=\"lakers\" class=\"wp-image-1687\" srcset=\"https:\/\/pau.informagedevelop.com\/wp-content\/uploads\/2020\/03\/lakers-1.png 593w, https:\/\/pau.informagedevelop.com\/wp-content\/uploads\/2020\/03\/lakers-1-210x300.png 210w\" sizes=\"(max-width: 593px) 100vw, 593px\" \/><\/figure>\n<\/div>\n<\/div>\n<\/div><\/div>\n\n\n\n<div class=\"wp-container-5 wp-block-group nba-bulls team white imgleft\"><div class=\"wp-block-group__inner-container\">\n<div class=\"wp-block-columns container\">\n<div class=\"wp-block-column\">\n<figure class=\"wp-block-image size-full\"><img loading=\"lazy\" width=\"557\" height=\"646\" src=\"https:\/\/pau.informagedevelop.com\/wp-content\/uploads\/2020\/03\/chicago-bulls-1.png\" alt=\"chicago-bulls\" class=\"wp-image-1685\" srcset=\"https:\/\/pau.informagedevelop.com\/wp-content\/uploads\/2020\/03\/chicago-bulls-1.png 557w, https:\/\/pau.informagedevelop.com\/wp-content\/uploads\/2020\/03\/chicago-bulls-1-259x300.png 259w\" sizes=\"(max-width: 557px) 100vw, 557px\" \/><\/figure>\n<\/div>\n\n\n\n<div class=\"wp-block-column col-text\">\n<h2>Chicago Bulls<\/h2>\n\n\n\n<p>El 18 de juliol de 2014, Gasol va firmar amb els Chicago Bulls.<\/p>\n\n\n\n<p>Es va convertir en una pe\u00e7a clau de l\u2019equip i el gener de 2015 va encaixar la millor actuaci\u00f3 de seva carrera al anotar 46 punts i capturar 18 rebots. Va tancar la temporada regular com a l\u00edder de dobles-dobles de l\u2019NBA, amb 54.<\/p>\n\n\n\n<p>Com a jugador dels Chicago Bulls, Pau va ser seleccionat per a disputar dos All Star Games, sent el de 2015 molt especial ja que va ser titular per primera vegada i va protagonitzar el salt inicial amb el seu germ\u00e0 Marc Gasol, primers germans que van ser titulars en aquest esdeveniment.<\/p>\n<\/div>\n<\/div>\n<\/div><\/div>\n\n\n\n<div class=\"wp-container-6 wp-block-group nba-spurs team grey imgright\"><div class=\"wp-block-group__inner-container\">\n<div class=\"wp-block-columns container\">\n<div class=\"wp-block-column col-text\">\n<h2>San Antonio Spurs<\/h2>\n\n\n\n<p>El juliol de 2016, Gasol va firmar amb els San Antonio Spurs, sota les ordres de Gregg Popovich.<\/p>\n\n\n\n<p>Gasol va participar en un total de 168 partits amb els San Antonio, amb una mitjana de 10.0 punts, 7.4 rebots i 2.6 assist\u00e8ncies en 22.4 minuts.<\/p>\n\n\n\n<p>Durant la celebraci\u00f3 de l\u2019All Star 2017, a New Orleans, es va convertir en el primer no estatunidenc en ser escollit membre del Comit\u00e8 Executiu de la NBPA (National Basketball Players Association), el sindicat de jugadors de l\u2019NBA.<\/p>\n<\/div>\n\n\n\n<div class=\"wp-block-column\">\n<figure class=\"wp-block-image size-full\"><img loading=\"lazy\" width=\"564\" height=\"803\" src=\"https:\/\/pau.informagedevelop.com\/wp-content\/uploads\/2020\/03\/spurs-1.png\" alt=\"spurs\" class=\"wp-image-1689\" srcset=\"https:\/\/pau.informagedevelop.com\/wp-content\/uploads\/2020\/03\/spurs-1.png 564w, https:\/\/pau.informagedevelop.com\/wp-content\/uploads\/2020\/03\/spurs-1-211x300.png 211w\" sizes=\"(max-width: 564px) 100vw, 564px\" \/><\/figure>\n<\/div>\n<\/div>\n<\/div><\/div>\n\n\n\n<div class=\"wp-container-7 wp-block-group nba-milwaukee team white imgleft\"><div class=\"wp-block-group__inner-container\">\n<div class=\"wp-block-columns container\">\n<div class=\"wp-block-column\">\n<figure class=\"wp-block-image size-full\"><img loading=\"lazy\" width=\"524\" height=\"762\" src=\"https:\/\/pau.informagedevelop.com\/wp-content\/uploads\/2020\/03\/bucks-1.png\" alt=\"bucks\" class=\"wp-image-1684\" srcset=\"https:\/\/pau.informagedevelop.com\/wp-content\/uploads\/2020\/03\/bucks-1.png 524w, https:\/\/pau.informagedevelop.com\/wp-content\/uploads\/2020\/03\/bucks-1-206x300.png 206w\" sizes=\"(max-width: 524px) 100vw, 524px\" \/><\/figure>\n<\/div>\n\n\n\n<div class=\"wp-block-column col-text\">\n<h2>Milwaukee Bucks<\/h2>\n\n\n\n<p>El 3 de mar\u00e7 de 2019, Gasol va firmar amb els Milwaukee Bucks amb el doble objectiu d\u2019ajudar a l\u2019equip a aconseguir el campionat i aportar la seva experi\u00e8ncia als jugadors m\u00e9s joves per optar al t\u00edtol. No va poder disputar amb ells els playoff a causa d\u2019una lesi\u00f3 per estr\u00e8s al peu esquerre.&nbsp;<\/p>\n<\/div>\n<\/div>\n<\/div><\/div>\n\n\n\n<div class=\"wp-container-8 wp-block-group nba-portland team grey imgright last-team\"><div class=\"wp-block-group__inner-container\">\n<div class=\"wp-block-columns container\">\n<div class=\"wp-block-column col-text\">\n<h2>Portland Trail Blazers<\/h2>\n\n\n\n<p>El 25 de juliol de 2019, Gasol va firmar amb els Portland Trail Blazers. No obstant aix\u00f2, el novembre de 2019 va decidir conjuntament amb l\u2019equip cedir la seva posici\u00f3 a un altre jugador per a centrar-se en la rehabilitaci\u00f3 del seu peu esquerre.<\/p>\n<\/div>\n\n\n\n<div class=\"wp-block-column\">\n<figure class=\"wp-block-image size-full\"><img loading=\"lazy\" width=\"637\" height=\"857\" src=\"https:\/\/pau.informagedevelop.com\/wp-content\/uploads\/2020\/03\/portland-1.png\" alt=\"portland\" class=\"wp-image-1688\" srcset=\"https:\/\/pau.informagedevelop.com\/wp-content\/uploads\/2020\/03\/portland-1.png 637w, https:\/\/pau.informagedevelop.com\/wp-content\/uploads\/2020\/03\/portland-1-223x300.png 223w\" sizes=\"(max-width: 637px) 100vw, 637px\" \/><\/figure>\n\n\n\n<p><\/p>\n<\/div>\n<\/div>\n<\/div><\/div>\n","protected":false},"excerpt":{"rendered":"<p>Deporte NBA \/ ACB No pots saber qu\u00e8 passar\u00e0 dem\u00e0, per\u00f2 si que pots controlar com t\u2019agradaria enfrontar-te al que vingui. FC Barcelona Quan tenia 16 anys, Pau Gasol va ser reclutat per a l\u2019equip Junior del FC Barcelona, el camp d\u2019entrenament del club per a futurs jugadors de b\u00e0squet i on es va proclamar [&hellip;]<\/p>\n","protected":false},"author":1,"featured_media":0,"parent":0,"menu_order":0,"comment_status":"closed","ping_status":"closed","template":"","meta":{"inline_featured_image":false},"_links":{"self":[{"href":"https:\/\/pau.informagedevelop.com\/ca\/wp-json\/wp\/v2\/pages\/1897"}],"collection":[{"href":"https:\/\/pau.informagedevelop.com\/ca\/wp-json\/wp\/v2\/pages"}],"about":[{"href":"https:\/\/pau.informagedevelop.com\/ca\/wp-json\/wp\/v2\/types\/page"}],"author":[{"embeddable":true,"href":"https:\/\/pau.informagedevelop.com\/ca\/wp-json\/wp\/v2\/users\/1"}],"replies":[{"embeddable":true,"href":"https:\/\/pau.informagedevelop.com\/ca\/wp-json\/wp\/v2\/comments?post=1897"}],"version-history":[{"count":16,"href":"https:\/\/pau.informagedevelop.com\/ca\/wp-json\/wp\/v2\/pages\/1897\/revisions"}],"predecessor-version":[{"id":2761,"href":"https:\/\/pau.informagedevelop.com\/ca\/wp-json\/wp\/v2\/pages\/1897\/revisions\/2761"}],"wp:attachment":[{"href":"https:\/\/pau.informagedevelop.com\/ca\/wp-json\/wp\/v2\/media?parent=1897"}],"curies":[{"name":"wp","href":"https:\/\/api.w.org\/{rel}","templated":true}]}}