{"id":3171,"date":"2022-06-21T10:00:36","date_gmt":"2022-06-21T10:00:36","guid":{"rendered":"https:\/\/pau.informagedevelop.com\/?page_id=3171"},"modified":"2022-07-22T09:33:46","modified_gmt":"2022-07-22T09:33:46","slug":"empresa","status":"publish","type":"page","link":"https:\/\/pau.informagedevelop.com\/ca\/empresa\/","title":{"rendered":"Empresa"},"content":{"rendered":"\n<div class=\"wp-container-1 wp-block-group header-nba header-empresa\"><div class=\"wp-block-group__inner-container\">\n<p class=\"subtitle\"><\/p>\n\n\n\n<h1 class=\"has-text-align-center\">Empresa  <\/h1>\n\n\n\n<p class=\"has-text-align-center empresa-text\">Pau Gasol \u00e9s assessor, inversor i activista en projectes relacionats amb l&#8217;esport i el benestar. La seva contribuci\u00f3 a aquestes empreses no es limita a la inversi\u00f3 econ\u00f2mica, sin\u00f3 que aporta de manera activa l&#8217;experi\u00e8ncia adquirida al llarg dels anys.<\/p>\n<\/div><\/div>\n\n\n\n<div class=\"wp-container-4 wp-block-group institucional grey border gr_deporte-y-bienestar\"><div class=\"wp-block-group__inner-container\">\n<div class=\"wp-container-3 wp-block-group container g-empresas\"><div class=\"wp-block-group__inner-container\">\n<h2>Esport i benestar<\/h2>\n\n\n\n<div class=\"wp-container-2 wp-block-group e-cita\"><div class=\"wp-block-group__inner-container\">\n<p>En l&#8217;\u00e0mbit de l&#8217;esport, vull treballar per la igualtat d&#8217;oportunitats i per la creaci\u00f3 de nous recursos i eines per als atletes, aix\u00ed com millorar el sector pels aficionats.<\/p>\n\n\n\n<p>Tamb\u00e9 m&#8217;interessa treballar a favor de la salut i el benestar de les persones en general, especialment en la reducci\u00f3 de l&#8217;obesitat infantil que afecta els nostres nens i nenes<\/p>\n<\/div><\/div>\n<\/div><\/div>\n<\/div><\/div>\n\n\n\n<div class=\"wp-container-5 wp-block-group empresas_deporte-y-bienestar container\"><div class=\"wp-block-group__inner-container\">\n\n\n<div id=\"wpv-view-layout-3190-CATTR6c3ace2cc6c336652806c870899f8136\" class=\"js-wpv-view-layout js-wpv-layout-responsive js-wpv-view-layout-3190-CATTR6c3ace2cc6c336652806c870899f8136\" data-viewnumber=\"3190-CATTR6c3ace2cc6c336652806c870899f8136\" data-pagination=\"{&quot;id&quot;:3190,&quot;query&quot;:&quot;normal&quot;,&quot;type&quot;:&quot;disabled&quot;,&quot;effect&quot;:&quot;fade&quot;,&quot;duration&quot;:500,&quot;speed&quot;:5,&quot;pause_on_hover&quot;:&quot;enabled&quot;,&quot;stop_rollover&quot;:&quot;false&quot;,&quot;cache_pages&quot;:&quot;enabled&quot;,&quot;preload_images&quot;:&quot;enabled&quot;,&quot;preload_pages&quot;:&quot;enabled&quot;,&quot;preload_reach&quot;:1,&quot;spinner&quot;:&quot;builtin&quot;,&quot;spinner_image&quot;:&quot;https:\/\/pau.informagedevelop.com\/wp-content\/plugins\/wp-views\/embedded\/res\/img\/ajax-loader.gif&quot;,&quot;callback_next&quot;:&quot;&quot;,&quot;manage_history&quot;:&quot;enabled&quot;,&quot;has_controls_in_form&quot;:&quot;disabled&quot;,&quot;infinite_tolerance&quot;:&quot;0&quot;,&quot;max_pages&quot;:0,&quot;page&quot;:1,&quot;base_permalink&quot;:&quot;\/ca\/wp-json\/wp\/v2\/pages\/3171?wpv_view_count=3190-CATTR6c3ace2cc6c336652806c870899f8136&amp;wpv_paged=WPV_PAGE_NUM&quot;,&quot;loop&quot;:{&quot;type&quot;:&quot;&quot;,&quot;name&quot;:&quot;&quot;,&quot;data&quot;:[],&quot;id&quot;:0}}\" data-permalink=\"\/ca\/wp-json\/wp\/v2\/pages\/3171?wpv_view_count=3190-CATTR6c3ace2cc6c336652806c870899f8136\">\n\n\t\n<div class=\"grid-empresas\">\n\t\n\t\n      <div class=\"item-empresa\">\n       <div class=\"empresa-col-1\">\n         <a href=\"https:\/\/overtime.tv\/\" target=\"_blank\" rel=\"nofollow noopener\">\n<img width=\"194\" height=\"140\" src=\"https:\/\/pau.informagedevelop.com\/wp-content\/uploads\/2022\/06\/overtime-Logo-1.png\" class=\"attachment-medium size-medium wp-post-image\" alt=\"overtime-Logo 1\" loading=\"lazy\" \/>\n         <\/a>\n      <\/div>\n      <div class=\"empresa-col-2\">\n        <h3>Overtime<\/h3>\n\t\t<p>Overtime \u00e9s una ag\u00e8ncia especialitzada en creaci\u00f3 de continguts i captaci\u00f3 de noves audi\u00e8ncies. Un de les seves principals fites \u00e9s la creaci\u00f3 d&#8217;una lliga paral\u00b7lela a la NCAA que doni oportunitats als jugadors de b\u00e0squet amb talent que no passin per les lligues universit\u00e0ries. Pau Gasol forma part del grup de personalitats que han invertit en ella per a fer costat als esportistes i\u00a0del consell d&#8217;administraci\u00f3 d&#8217;Overtime Elite.<\/p>\n\n      <\/div>\n     <\/div>\n\t\n      <div class=\"item-empresa\">\n       <div class=\"empresa-col-1\">\n         <a href=\"https:\/\/www.therabody.com\/\" target=\"_blank\" rel=\"nofollow noopener\">\n<img width=\"272\" height=\"154\" src=\"https:\/\/pau.informagedevelop.com\/wp-content\/uploads\/2022\/06\/therabody-logo-one-color-rgb-1.png\" class=\"attachment-medium size-medium wp-post-image\" alt=\"therabody-logo-one-color-rgb 1\" loading=\"lazy\" \/>\n         <\/a>\n      <\/div>\n      <div class=\"empresa-col-2\">\n        <h3>Therabody<\/h3>\n\t\t<p>Pau Gasol \u00e9s ambaixador, inversor i assessor estrat\u00e8gic de Therabody, una empresa de tecnologia al servei de l&#8217;esportista que est\u00e0 especialitzada en la ter\u00e0pia percussiva per a la recuperaci\u00f3.<\/p>\n\n      <\/div>\n     <\/div>\n\t\n      <div class=\"item-empresa\">\n       <div class=\"empresa-col-1\">\n         <a href=\"https:\/\/www.wnba.com\/\" target=\"_blank\" rel=\"nofollow noopener\">\n<img width=\"235\" height=\"114\" src=\"https:\/\/pau.informagedevelop.com\/wp-content\/uploads\/2022\/06\/wnba.png\" class=\"attachment-medium size-medium wp-post-image\" alt=\"wnba\" loading=\"lazy\" \/>\n         <\/a>\n      <\/div>\n      <div class=\"empresa-col-2\">\n        <h3>WNBA<\/h3>\n\t\t<p>Pau Gasol \u00e9s un dels inversors de la major ronda de finan\u00e7ament destinada a donar suport a l&#8217;esport femen\u00ed. L&#8217;operaci\u00f3 busca professionalitzar la lliga nord-americana de b\u00e0squet femen\u00ed.<\/p>\n\n      <\/div>\n     <\/div>\n\t\n      <div class=\"item-empresa\">\n       <div class=\"empresa-col-1\">\n         <a href=\"https:\/\/ouraring.com\" target=\"_blank\" rel=\"nofollow noopener\">\n<img width=\"300\" height=\"136\" src=\"https:\/\/pau.informagedevelop.com\/wp-content\/uploads\/2021\/10\/Oura-case-2-300x136.png\" class=\"attachment-medium size-medium wp-post-image\" alt=\"oura_logo\" loading=\"lazy\" srcset=\"https:\/\/pau.informagedevelop.com\/wp-content\/uploads\/2021\/10\/Oura-case-2-300x136.png 300w, https:\/\/pau.informagedevelop.com\/wp-content\/uploads\/2021\/10\/Oura-case-2.png 417w\" sizes=\"(max-width: 300px) 100vw, 300px\" \/>\n         <\/a>\n      <\/div>\n      <div class=\"empresa-col-2\">\n        <h3>Oura<\/h3>\n\t\t<p>Pau Gasol est\u00e0 interessat en la innovaci\u00f3 tecnol\u00f2gica a favor de l&#8217;esport i el benestar. Per aix\u00f2 \u00e9s inversor en marques com Oura Ring, l&#8217;anell intel\u00b7ligent que mesura l&#8217;activitat f\u00edsica, el son i la freq\u00fc\u00e8ncia card\u00edaca, entre altres variables.<\/p>\n\n      <\/div>\n     <\/div>\n\t\n      <div class=\"item-empresa\">\n       <div class=\"empresa-col-1\">\n         <a href=\"https:\/\/www.betterup.com\/\" target=\"_blank\" rel=\"nofollow noopener\">\n<img width=\"272\" height=\"162\" src=\"https:\/\/pau.informagedevelop.com\/wp-content\/uploads\/2022\/06\/0bc8d4c0-5894-4bb9-b26a-40d4dffb80bb-1.png\" class=\"attachment-medium size-medium wp-post-image\" alt=\"\" loading=\"lazy\" \/>\n         <\/a>\n      <\/div>\n      <div class=\"empresa-col-2\">\n        <h3>BetterUp<\/h3>\n\t\t<p>\u200b\u200bPau Gasol is interested in bringing his experience and knowledge of leadership to <em>coaching<\/em> projects. That\u2019s why he is an investor and strategic advisor Betterup, a <em>startup<\/em> centered around emotional wellbeing and human potential.<\/p>\n\n      <\/div>\n     <\/div>\n\t\n      <div class=\"item-empresa\">\n       <div class=\"empresa-col-1\">\n         <a href=\"https:\/\/getindya.com\/\" target=\"_blank\" rel=\"nofollow noopener\">\n<img width=\"300\" height=\"77\" src=\"https:\/\/pau.informagedevelop.com\/wp-content\/uploads\/2022\/09\/indya_logo.jpg\" class=\"attachment-medium size-medium wp-post-image\" alt=\"\" loading=\"lazy\" \/>\n         <\/a>\n      <\/div>\n      <div class=\"empresa-col-2\">\n        <h3>INDYA<\/h3>\n\t\t<p>Pau Gasol \u00e9s inversor i assessor en INDYA, la startup tecnol\u00f2gica de nutrici\u00f3 per a la millora del rendiment esportiu amb seu a Val\u00e8ncia. INDYA, a m\u00e9s, col\u00b7labora amb els projectes del Pau, com ha estat el cas de la Pau Gasol Academy by Santander 2022.<\/p>\n\n      <\/div>\n     <\/div>\n\t\n      <div class=\"item-empresa\">\n       <div class=\"empresa-col-1\">\n         <a href=\"https:\/\/www.sportsilab.com\/\" target=\"_blank\" rel=\"nofollow noopener\">\n<img width=\"300\" height=\"135\" src=\"https:\/\/pau.informagedevelop.com\/wp-content\/uploads\/2021\/10\/logonewblue-300x135.png\" class=\"attachment-medium size-medium wp-post-image\" alt=\"\" loading=\"lazy\" srcset=\"https:\/\/pau.informagedevelop.com\/wp-content\/uploads\/2021\/10\/logonewblue-300x135.png 300w, https:\/\/pau.informagedevelop.com\/wp-content\/uploads\/2021\/10\/logonewblue-768x346.png 768w, https:\/\/pau.informagedevelop.com\/wp-content\/uploads\/2021\/10\/logonewblue.png 785w\" sizes=\"(max-width: 300px) 100vw, 300px\" \/>\n         <\/a>\n      <\/div>\n      <div class=\"empresa-col-2\">\n        <h3>Sports Innovation Lab<\/h3>\n\t\t<p>En el seu prop\u00f2sit d&#8217;acostar m\u00e9s l&#8217;esport a les persones i millorar el sector esportiu, Pau Gasol \u00e9s inversor en aquesta companyia especialitzada en l&#8217;an\u00e0lisi de dades per a definir com \u00e9s el comportament dels aficionats a l&#8217;esport.<\/p>\n\n      <\/div>\n     <\/div>\n\t\n      <div class=\"item-empresa\">\n       <div class=\"empresa-col-1\">\n         <a href=\"https:\/\/www.draftea.com\/\" target=\"_blank\" rel=\"nofollow noopener\">\n<img width=\"272\" height=\"32\" src=\"https:\/\/pau.informagedevelop.com\/wp-content\/uploads\/2022\/06\/Logos-Draftea-azul-1.png\" class=\"attachment-medium size-medium wp-post-image\" alt=\"Logos-Draftea-azul 1\" loading=\"lazy\" \/>\n         <\/a>\n      <\/div>\n      <div class=\"empresa-col-2\">\n        <h3>Draftea<\/h3>\n\t\t<p>Draftea \u00e9s una plataforma de<em> fantasy sports<\/em> que posa la tecnologia al servei de l&#8217;aficionat a diferents esports, entre ells l&#8217;NBA. Pau Gasol \u00e9s inversor i assessor de la companyia.<\/p>\n\n      <\/div>\n     <\/div>\n\t\n      <div class=\"item-empresa\">\n       <div class=\"empresa-col-1\">\n         <a href=\"https:\/\/centers.fuqua.duke.edu\/cole\/announcements\/introducing-cole-distinguished-fellows\/\" target=\"_blank\" rel=\"nofollow noopener\">\n<img width=\"228\" height=\"99\" src=\"https:\/\/pau.informagedevelop.com\/wp-content\/uploads\/2022\/06\/Duke_University_logo-1.png\" class=\"attachment-medium size-medium wp-post-image\" alt=\"Duke_University_logo 1\" loading=\"lazy\" \/>\n         <\/a>\n      <\/div>\n      <div class=\"empresa-col-2\">\n        <h3>Duke University<\/h3>\n\t\t<p>Pau Gasol forma part del grup <em>COLE Distinguished Fellows<\/em> de Duke University. Aquest centre de lideratge i \u00e8tica est\u00e0 format per referents de diferents \u00e0mbits que comparteixen idees basades en valors.<\/p>\n\n      <\/div>\n     <\/div>\n\t\n\t\n<\/div>\n\t\n\t\n<\/div>\n\n<\/div><\/div>\n\n\n\n<div class=\"wp-container-8 wp-block-group institucional grey border gr_deporte-y-bienestar group-eg\"><div class=\"wp-block-group__inner-container\">\n<div class=\"wp-container-7 wp-block-group container g-empresas\"><div class=\"wp-block-group__inner-container\">\n<h2>Empreniment global<\/h2>\n\n\n\n<div class=\"wp-container-6 wp-block-group e-cita\"><div class=\"wp-block-group__inner-container\">\n<p>Vull acompanyar a emprenedors que volen internacionalitzar empreses espanyoles o projectes que busquen marcar la difer\u00e8ncia<\/p>\n<\/div><\/div>\n<\/div><\/div>\n<\/div><\/div>\n\n\n\n<div class=\"wp-container-9 wp-block-group empresas_emprendimiento-global empresas_deporte-y-bienestar container\"><div class=\"wp-block-group__inner-container\">\n\n\n<div id=\"wpv-view-layout-3190-CATTR16a59a70ab76c17211c75541c5df4bde\" class=\"js-wpv-view-layout js-wpv-layout-responsive js-wpv-view-layout-3190-CATTR16a59a70ab76c17211c75541c5df4bde\" data-viewnumber=\"3190-CATTR16a59a70ab76c17211c75541c5df4bde\" data-pagination=\"{&quot;id&quot;:3190,&quot;query&quot;:&quot;normal&quot;,&quot;type&quot;:&quot;disabled&quot;,&quot;effect&quot;:&quot;fade&quot;,&quot;duration&quot;:500,&quot;speed&quot;:5,&quot;pause_on_hover&quot;:&quot;enabled&quot;,&quot;stop_rollover&quot;:&quot;false&quot;,&quot;cache_pages&quot;:&quot;enabled&quot;,&quot;preload_images&quot;:&quot;enabled&quot;,&quot;preload_pages&quot;:&quot;enabled&quot;,&quot;preload_reach&quot;:1,&quot;spinner&quot;:&quot;builtin&quot;,&quot;spinner_image&quot;:&quot;https:\/\/pau.informagedevelop.com\/wp-content\/plugins\/wp-views\/embedded\/res\/img\/ajax-loader.gif&quot;,&quot;callback_next&quot;:&quot;&quot;,&quot;manage_history&quot;:&quot;enabled&quot;,&quot;has_controls_in_form&quot;:&quot;disabled&quot;,&quot;infinite_tolerance&quot;:&quot;0&quot;,&quot;max_pages&quot;:0,&quot;page&quot;:1,&quot;base_permalink&quot;:&quot;\/ca\/wp-json\/wp\/v2\/pages\/3171?wpv_view_count=3190-CATTR16a59a70ab76c17211c75541c5df4bde&amp;wpv_paged=WPV_PAGE_NUM&quot;,&quot;loop&quot;:{&quot;type&quot;:&quot;&quot;,&quot;name&quot;:&quot;&quot;,&quot;data&quot;:[],&quot;id&quot;:0}}\" data-permalink=\"\/ca\/wp-json\/wp\/v2\/pages\/3171?wpv_view_count=3190-CATTR16a59a70ab76c17211c75541c5df4bde\">\n\n\t\n<div class=\"grid-empresas\">\n\t\n\t\n      <div class=\"item-empresa\">\n       <div class=\"empresa-col-1\">\n         <a href=\"https:\/\/www.thecolvinco.com\/es\" target=\"_blank\" rel=\"nofollow noopener\">\n<img width=\"270\" height=\"93\" src=\"https:\/\/pau.informagedevelop.com\/wp-content\/uploads\/2022\/09\/colvin.jpg\" class=\"attachment-medium size-medium wp-post-image\" alt=\"\" loading=\"lazy\" \/>\n         <\/a>\n      <\/div>\n      <div class=\"empresa-col-2\">\n        <h3>Colvin<\/h3>\n\t\t<p>Pau Gasol \u00e9s inversor de Colvin, una startup espanyola que ha revolucionat el sector de la venda en l\u00ednia de flors i plantes. Tamb\u00e9 assessora a la companyia en la definici\u00f3 i desenvolupament de la seva cultura corporativa.<\/p>\n\n      <\/div>\n     <\/div>\n\t\n      <div class=\"item-empresa\">\n       <div class=\"empresa-col-1\">\n         <a href=\"https:\/\/consello.com\/\" target=\"_blank\" rel=\"nofollow noopener\">\n<img width=\"200\" height=\"160\" src=\"https:\/\/pau.informagedevelop.com\/wp-content\/uploads\/2022\/06\/consello.jpg\" class=\"attachment-medium size-medium wp-post-image\" alt=\"\" loading=\"lazy\" \/>\n         <\/a>\n      <\/div>\n      <div class=\"empresa-col-2\">\n        <h3>Consello<\/h3>\n\t\t<p>Pau Gasol forma part del <em>advisory board<\/em> de Consello Group, una plataforma que ofereix solucions perqu\u00e8 les companyies en proc\u00e9s de creixement obtinguin un valor afegit.<\/p>\n\n      <\/div>\n     <\/div>\n\t\n\t\n<\/div>\n\t\n\t\n<\/div>\n\n<\/div><\/div>\n","protected":false},"excerpt":{"rendered":"<p>Empresa Pau Gasol \u00e9s assessor, inversor i activista en projectes relacionats amb l&#8217;esport i el benestar. La seva contribuci\u00f3 a aquestes empreses no es limita a la inversi\u00f3 econ\u00f2mica, sin\u00f3 que aporta de manera activa l&#8217;experi\u00e8ncia adquirida al llarg dels anys. Esport i benestar En l&#8217;\u00e0mbit de l&#8217;esport, vull treballar per la igualtat d&#8217;oportunitats i [&hellip;]<\/p>\n","protected":false},"author":5,"featured_media":0,"parent":0,"menu_order":0,"comment_status":"closed","ping_status":"closed","template":"","meta":{"inline_featured_image":false},"_links":{"self":[{"href":"https:\/\/pau.informagedevelop.com\/ca\/wp-json\/wp\/v2\/pages\/3171"}],"collection":[{"href":"https:\/\/pau.informagedevelop.com\/ca\/wp-json\/wp\/v2\/pages"}],"about":[{"href":"https:\/\/pau.informagedevelop.com\/ca\/wp-json\/wp\/v2\/types\/page"}],"author":[{"embeddable":true,"href":"https:\/\/pau.informagedevelop.com\/ca\/wp-json\/wp\/v2\/users\/5"}],"replies":[{"embeddable":true,"href":"https:\/\/pau.informagedevelop.com\/ca\/wp-json\/wp\/v2\/comments?post=3171"}],"version-history":[{"count":10,"href":"https:\/\/pau.informagedevelop.com\/ca\/wp-json\/wp\/v2\/pages\/3171\/revisions"}],"predecessor-version":[{"id":3415,"href":"https:\/\/pau.informagedevelop.com\/ca\/wp-json\/wp\/v2\/pages\/3171\/revisions\/3415"}],"wp:attachment":[{"href":"https:\/\/pau.informagedevelop.com\/ca\/wp-json\/wp\/v2\/media?parent=3171"}],"curies":[{"name":"wp","href":"https:\/\/api.w.org\/{rel}","templated":true}]}}