{"id":846,"date":"2019-11-14T11:36:29","date_gmt":"2019-11-14T11:36:29","guid":{"rendered":"https:\/\/pau.informagedevelop.com\/social\/"},"modified":"2020-03-23T13:14:50","modified_gmt":"2020-03-23T13:14:50","slug":"social","status":"publish","type":"page","link":"https:\/\/pau.informagedevelop.com\/ca\/social\/","title":{"rendered":"Social"},"content":{"rendered":"\n<div class=\"wp-container-1 wp-block-group header-social\"><div class=\"wp-block-group__inner-container\">\n<h1 class=\"has-text-align-center\">Impacte social<\/h1>\n\n\n\n<p class=\"has-text-align-center main-text\">Volem un m\u00f3n en el qual tots els nens i nenes arribin a l\u2019edat adulta f\u00edsica i mentalment preparats per a desenvolupat tot el seu potencial i viure una vida sana i plena d\u2019oportunitats.<\/p>\n<\/div><\/div>\n\n\n\n<div class=\"wp-container-2 wp-block-group social-content\"><div class=\"wp-block-group__inner-container\">\n<div class=\"wp-block-image social-main-img\"><figure class=\"aligncenter size-full\"><img loading=\"lazy\" width=\"956\" height=\"401\" src=\"https:\/\/pau.informagedevelop.com\/wp-content\/uploads\/2020\/01\/impacto-social-1.jpg\" alt=\"\" class=\"wp-image-246\" srcset=\"https:\/\/pau.informagedevelop.com\/wp-content\/uploads\/2020\/01\/impacto-social-1.jpg 956w, https:\/\/pau.informagedevelop.com\/wp-content\/uploads\/2020\/01\/impacto-social-1-300x125.jpg 300w, https:\/\/pau.informagedevelop.com\/wp-content\/uploads\/2020\/01\/impacto-social-1-1024x429.jpg 1024w, https:\/\/pau.informagedevelop.com\/wp-content\/uploads\/2020\/01\/impacto-social-1-768x322.jpg 768w, https:\/\/pau.informagedevelop.com\/wp-content\/uploads\/2020\/01\/impacto-social-1-1536x644.jpg 1536w, https:\/\/pau.informagedevelop.com\/wp-content\/uploads\/2020\/01\/impacto-social-1-2048x859.jpg 2048w\" sizes=\"(max-width: 956px) 100vw, 956px\" \/><\/figure><\/div>\n\n\n\n<div class=\"wp-block-columns social-foundation container\">\n<div class=\"wp-block-column col-text\">\n<h2 id=\"gasol_fundation\">Gasol Foundation<\/h2>\n\n\n\n<p>La Gasol Foundation treballa per a reduir l\u2019obesitat infantil a trav\u00e9s de la promoci\u00f3 de quatre h\u00e0bits saludables:<strong> l\u2019esport i l\u2019activitat f\u00edsica, una alimentaci\u00f3 saludable, les hores i la qualitat del descans i l\u2019equilibri emocional.<\/strong><\/p>\n\n\n\n<p>Des de la fundaci\u00f3 creiem que el millor tractament de l\u2019obesitat infantil \u00e9s la <strong>prevenci\u00f3<\/strong>. Recentment hem publicat l\u2019<a aria-label=\"estudi PASOS (opens in a new tab)\" rel=\"noreferrer noopener nofollow\" href=\"https:\/\/www.gasolfoundation.org\/es\/estudio-pasos\/\" target=\"_blank\" class=\"rank-math-link\">estudi PASOS<\/a>, primer estudi cient\u00edfic representatiu a Espanya que avalua el nivell d\u2019activitat f\u00edsica i sedentarisme dels nens i nenes.<\/p>\n\n\n\n<div class=\"wp-block-button\"><a class=\"wp-block-button__link has-text-color has-background no-border-radius\" href=\"\/ca\/gasol-foundation\/\" style=\"background-color:#d41313;color:#ffffff\" rel=\"\">M\u00e9s informaci\u00f3<\/a><\/div>\n<\/div>\n\n\n\n<div class=\"wp-block-column col-img\">\n<figure class=\"wp-block-image size-full img-right2\"><img loading=\"lazy\" width=\"582\" height=\"421\" src=\"https:\/\/pau.informagedevelop.com\/wp-content\/uploads\/2020\/01\/gasol-foundation.jpg\" alt=\"\" class=\"wp-image-247\" srcset=\"https:\/\/pau.informagedevelop.com\/wp-content\/uploads\/2020\/01\/gasol-foundation.jpg 582w, https:\/\/pau.informagedevelop.com\/wp-content\/uploads\/2020\/01\/gasol-foundation-300x217.jpg 300w, https:\/\/pau.informagedevelop.com\/wp-content\/uploads\/2020\/01\/gasol-foundation-1024x740.jpg 1024w, https:\/\/pau.informagedevelop.com\/wp-content\/uploads\/2020\/01\/gasol-foundation-1536x1111.jpg 1536w, https:\/\/pau.informagedevelop.com\/wp-content\/uploads\/2020\/01\/gasol-foundation-2048x1481.jpg 2048w\" sizes=\"(max-width: 582px) 100vw, 582px\" \/><\/figure>\n\n\n\n<figure class=\"wp-block-image size-full logo foundation left\"><img loading=\"lazy\" width=\"306\" height=\"162\" src=\"https:\/\/pau.informagedevelop.com\/wp-content\/uploads\/2020\/01\/logo-gasol-foundation.jpg\" alt=\"\" class=\"wp-image-248\" srcset=\"https:\/\/pau.informagedevelop.com\/wp-content\/uploads\/2020\/01\/logo-gasol-foundation.jpg 306w, https:\/\/pau.informagedevelop.com\/wp-content\/uploads\/2020\/01\/logo-gasol-foundation-300x158.jpg 300w, https:\/\/pau.informagedevelop.com\/wp-content\/uploads\/2020\/01\/logo-gasol-foundation-1024x542.jpg 1024w, https:\/\/pau.informagedevelop.com\/wp-content\/uploads\/2020\/01\/logo-gasol-foundation-1536x813.jpg 1536w, https:\/\/pau.informagedevelop.com\/wp-content\/uploads\/2020\/01\/logo-gasol-foundation-2048x1084.jpg 2048w\" sizes=\"(max-width: 306px) 100vw, 306px\" \/><\/figure>\n<\/div>\n<\/div>\n\n\n\n<div class=\"wp-block-columns social-unicef container\">\n<div class=\"wp-block-column col-img\">\n<figure class=\"wp-block-image size-full img-left\"><img loading=\"lazy\" width=\"582\" height=\"419\" src=\"https:\/\/pau.informagedevelop.com\/wp-content\/uploads\/2020\/01\/impacto-social_unicef.jpg\" alt=\"Unicef\" class=\"wp-image-1417\" srcset=\"https:\/\/pau.informagedevelop.com\/wp-content\/uploads\/2020\/01\/impacto-social_unicef.jpg 582w, https:\/\/pau.informagedevelop.com\/wp-content\/uploads\/2020\/01\/impacto-social_unicef-300x215.jpg 300w, https:\/\/pau.informagedevelop.com\/wp-content\/uploads\/2020\/01\/impacto-social_unicef-1024x737.jpg 1024w, https:\/\/pau.informagedevelop.com\/wp-content\/uploads\/2020\/01\/impacto-social_unicef-1536x1105.jpg 1536w, https:\/\/pau.informagedevelop.com\/wp-content\/uploads\/2020\/01\/impacto-social_unicef-2048x1474.jpg 2048w\" sizes=\"(max-width: 582px) 100vw, 582px\" \/><\/figure>\n\n\n\n<figure class=\"wp-block-image size-full logo unicef right\"><img loading=\"lazy\" width=\"277\" height=\"162\" src=\"https:\/\/pau.informagedevelop.com\/wp-content\/uploads\/2020\/01\/logo-unicef.jpg\" alt=\"\" class=\"wp-image-250\" srcset=\"https:\/\/pau.informagedevelop.com\/wp-content\/uploads\/2020\/01\/logo-unicef.jpg 277w, https:\/\/pau.informagedevelop.com\/wp-content\/uploads\/2020\/01\/logo-unicef-300x175.jpg 300w, https:\/\/pau.informagedevelop.com\/wp-content\/uploads\/2020\/01\/logo-unicef-1024x598.jpg 1024w, https:\/\/pau.informagedevelop.com\/wp-content\/uploads\/2020\/01\/logo-unicef-1536x898.jpg 1536w, https:\/\/pau.informagedevelop.com\/wp-content\/uploads\/2020\/01\/logo-unicef-2048x1197.jpg 2048w\" sizes=\"(max-width: 277px) 100vw, 277px\" \/><\/figure>\n<\/div>\n\n\n\n<div class=\"wp-block-column col-text\">\n<h2 id=\"unicef\">UNICEF<\/h2>\n\n\n\n<p>Pau Gasol \u00e9s ambaixador d\u2019UNICEF Comit\u00e8 Espanyol des del 2003. El jugador volia aprofitar el seu \u00e8xit com a esportista per a tenir impacte m\u00e9s enll\u00e0 de la seva carrera professional i ajudar als nens m\u00e9s desafavorits i vulnerables. Des de l\u2019inici, la seva col\u00b7laboraci\u00f3 es va centrar en els viatges a terreny que li permetien entendre les condicions en les quals viuen els nens i nenes, i aix\u00ed transmetre-ho al p\u00fablic amb major credibilitat i transpar\u00e8ncia.<\/p>\n\n\n\n<p>El juliol de 2019, Pau va ser nomenat Global Champion per a la Nutrici\u00f3 i la Fi de l\u2019Obesitat Infantil amb l\u2019objectiu d\u2019abordar els problemes relacionats amb la nutrici\u00f3 a escala global per a garantir que tots els nens i nenes creixin sans i puguin assolir els seu m\u00e0xim potencial.<\/p>\n\n\n\n<div class=\"wp-block-button\"><a class=\"wp-block-button__link has-text-color has-background no-border-radius\" href=\"https:\/\/www.unicef.org\" style=\"background-color:#d41313;color:#ffffff\" target=\"_blank\" rel=\"noreferrer noopener nofollow\">Visita la web<\/a><\/div>\n<\/div>\n<\/div>\n\n\n\n<div class=\"wp-block-columns social-academy container\">\n<div class=\"wp-block-column col-text\">\n<h2 id=\"paul_gasol_academy\">Pau Gasol Academy by Santander<\/h2>\n\n\n\n<p>La Pau Gasol Academy by Santander \u00e9s un programa de tecnificaci\u00f3 en b\u00e0squet que es duu a terme a Barcelona cada any durant la primera setmana de juliol amb l\u2019objectiu de convertir-se en un referent formatiu gr\u00e0cies al desenvolupament integral dels jugadors, incloent la seva formaci\u00f3 en h\u00e0bits saludables.<\/p>\n\n\n\n<p>Destinat a <strong>nens de 8 a 17 anys<\/strong>, el campus compta amb tres secciones: Pau Gasol Academy Classic, un programa l\u00fadico-esportiu dirigit a nens i nenes que desitgin millorar el seu nivell de joc; Rising Stars, destinat a 36 jugadors seleccionats entre els millors d\u2019Europa amb l\u2019objectiu d\u2019ensenyar-los a compatibilitzar el seu creixement esportiu i la seva formaci\u00f3 acad\u00e8mica; i Special Olympics, dirigit a jugadors amb discapacitat intel\u00b7lectual.<\/p>\n\n\n\n<div class=\"wp-block-button\"><a class=\"wp-block-button__link has-text-color has-background no-border-radius\" href=\"https:\/\/paugasolacademy.com\/\" style=\"background-color:#d41313;color:#ffffff\" target=\"_blank\" rel=\"noreferrer noopener nofollow\">Visita la web<\/a><\/div>\n<\/div>\n\n\n\n<div class=\"wp-block-column col-img\">\n<figure class=\"wp-block-image size-full img-right2\"><img src=\"\/wp-content\/uploads\/2020\/01\/impacto-social_pg-academy.jpg\" alt=\"\" class=\"wp-image-251\"\/><\/figure>\n\n\n\n<figure class=\"wp-block-image size-full logo academy left\"><img loading=\"lazy\" width=\"260\" height=\"260\" src=\"https:\/\/pau.informagedevelop.com\/wp-content\/uploads\/2020\/01\/logo-academy.jpg\" alt=\"\" class=\"wp-image-252\" srcset=\"https:\/\/pau.informagedevelop.com\/wp-content\/uploads\/2020\/01\/logo-academy.jpg 260w, https:\/\/pau.informagedevelop.com\/wp-content\/uploads\/2020\/01\/logo-academy-300x300.jpg 300w, https:\/\/pau.informagedevelop.com\/wp-content\/uploads\/2020\/01\/logo-academy-1024x1024.jpg 1024w, https:\/\/pau.informagedevelop.com\/wp-content\/uploads\/2020\/01\/logo-academy-150x150.jpg 150w, https:\/\/pau.informagedevelop.com\/wp-content\/uploads\/2020\/01\/logo-academy-1536x1536.jpg 1536w, https:\/\/pau.informagedevelop.com\/wp-content\/uploads\/2020\/01\/logo-academy-2048x2048.jpg 2048w\" sizes=\"(max-width: 260px) 100vw, 260px\" \/><\/figure>\n<\/div>\n<\/div>\n<\/div><\/div>\n","protected":false},"excerpt":{"rendered":"<p>Impacte social Volem un m\u00f3n en el qual tots els nens i nenes arribin a l\u2019edat adulta f\u00edsica i mentalment preparats per a desenvolupat tot el seu potencial i viure una vida sana i plena d\u2019oportunitats. Gasol Foundation La Gasol Foundation treballa per a reduir l\u2019obesitat infantil a trav\u00e9s de la promoci\u00f3 de quatre h\u00e0bits [&hellip;]<\/p>\n","protected":false},"author":1,"featured_media":0,"parent":0,"menu_order":0,"comment_status":"closed","ping_status":"closed","template":"","meta":{"inline_featured_image":false},"_links":{"self":[{"href":"https:\/\/pau.informagedevelop.com\/ca\/wp-json\/wp\/v2\/pages\/846"}],"collection":[{"href":"https:\/\/pau.informagedevelop.com\/ca\/wp-json\/wp\/v2\/pages"}],"about":[{"href":"https:\/\/pau.informagedevelop.com\/ca\/wp-json\/wp\/v2\/types\/page"}],"author":[{"embeddable":true,"href":"https:\/\/pau.informagedevelop.com\/ca\/wp-json\/wp\/v2\/users\/1"}],"replies":[{"embeddable":true,"href":"https:\/\/pau.informagedevelop.com\/ca\/wp-json\/wp\/v2\/comments?post=846"}],"version-history":[{"count":15,"href":"https:\/\/pau.informagedevelop.com\/ca\/wp-json\/wp\/v2\/pages\/846\/revisions"}],"predecessor-version":[{"id":1721,"href":"https:\/\/pau.informagedevelop.com\/ca\/wp-json\/wp\/v2\/pages\/846\/revisions\/1721"}],"wp:attachment":[{"href":"https:\/\/pau.informagedevelop.com\/ca\/wp-json\/wp\/v2\/media?parent=846"}],"curies":[{"name":"wp","href":"https:\/\/api.w.org\/{rel}","templated":true}]}}